{"id":236,"date":"2025-06-10T20:43:40","date_gmt":"2025-06-10T20:43:40","guid":{"rendered":"https:\/\/realfilms.com.br\/?page_id=236"},"modified":"2025-06-10T20:45:02","modified_gmt":"2025-06-10T20:45:02","slug":"gdads","status":"publish","type":"page","link":"https:\/\/realfilms.com.br\/index.php\/gdads\/","title":{"rendered":"GDADS"},"content":{"rendered":"\t\t<div data-elementor-type=\"wp-page\" data-elementor-id=\"236\" class=\"elementor elementor-236\">\n\t\t\t\t\t\t<section class=\"elementor-section elementor-top-section elementor-element elementor-element-135d5d77 elementor-section-height-min-height elementor-section-boxed elementor-section-height-default elementor-section-items-middle\" data-id=\"135d5d77\" data-element_type=\"section\" data-settings=\"{&quot;background_background&quot;:&quot;classic&quot;}\">\n\t\t\t\t\t\t\t<div class=\"elementor-background-overlay\"><\/div>\n\t\t\t\t\t\t\t<div class=\"elementor-container elementor-column-gap-default\">\n\t\t\t\t\t<div class=\"elementor-column elementor-col-50 elementor-top-column elementor-element elementor-element-4c7ebb9\" data-id=\"4c7ebb9\" data-element_type=\"column\">\n\t\t\t<div class=\"elementor-widget-wrap elementor-element-populated\">\n\t\t\t\t\t\t<div class=\"elementor-element elementor-element-4915cc42 elementor-widget elementor-widget-image\" data-id=\"4915cc42\" data-element_type=\"widget\" data-widget_type=\"image.default\">\n\t\t\t\t<div class=\"elementor-widget-container\">\n\t\t\t<style>\/*! elementor - v3.20.0 - 26-03-2024 *\/\n.elementor-widget-image{text-align:center}.elementor-widget-image a{display:inline-block}.elementor-widget-image a img[src$=\".svg\"]{width:48px}.elementor-widget-image img{vertical-align:middle;display:inline-block}<\/style>\t\t\t\t\t\t\t\t\t\t<img fetchpriority=\"high\" decoding=\"async\" width=\"500\" height=\"500\" src=\"https:\/\/realfilms.com.br\/wp-content\/uploads\/2024\/04\/Marca_Monograma_com_Circulo_e_Iniciais_Douradas__1_-removebg-preview.png\" class=\"attachment-large size-large wp-image-159\" alt=\"\" srcset=\"https:\/\/realfilms.com.br\/wp-content\/uploads\/2024\/04\/Marca_Monograma_com_Circulo_e_Iniciais_Douradas__1_-removebg-preview.png 500w, https:\/\/realfilms.com.br\/wp-content\/uploads\/2024\/04\/Marca_Monograma_com_Circulo_e_Iniciais_Douradas__1_-removebg-preview-300x300.png 300w, https:\/\/realfilms.com.br\/wp-content\/uploads\/2024\/04\/Marca_Monograma_com_Circulo_e_Iniciais_Douradas__1_-removebg-preview-150x150.png 150w\" sizes=\"(max-width: 500px) 100vw, 500px\" \/>\t\t\t\t\t\t\t\t\t\t\t\t\t<\/div>\n\t\t\t\t<\/div>\n\t\t\t\t<div class=\"elementor-element elementor-element-445dff31 elementor-widget elementor-widget-text-editor\" data-id=\"445dff31\" data-element_type=\"widget\" data-widget_type=\"text-editor.default\">\n\t\t\t\t<div class=\"elementor-widget-container\">\n\t\t\t<style>\/*! elementor - v3.20.0 - 26-03-2024 *\/\n.elementor-widget-text-editor.elementor-drop-cap-view-stacked .elementor-drop-cap{background-color:#69727d;color:#fff}.elementor-widget-text-editor.elementor-drop-cap-view-framed .elementor-drop-cap{color:#69727d;border:3px solid;background-color:transparent}.elementor-widget-text-editor:not(.elementor-drop-cap-view-default) .elementor-drop-cap{margin-top:8px}.elementor-widget-text-editor:not(.elementor-drop-cap-view-default) .elementor-drop-cap-letter{width:1em;height:1em}.elementor-widget-text-editor .elementor-drop-cap{float:left;text-align:center;line-height:1;font-size:50px}.elementor-widget-text-editor .elementor-drop-cap-letter{display:inline-block}<\/style>\t\t\t\t<p><b>PEL\u00cdCULAS PARA SACADAS EM S\u00c3O PAULO E REGI\u00c3O<\/b><\/p>\t\t\t\t\t\t<\/div>\n\t\t\t\t<\/div>\n\t\t\t\t<div class=\"elementor-element elementor-element-468bb580 elementor-widget elementor-widget-text-editor\" data-id=\"468bb580\" data-element_type=\"widget\" data-widget_type=\"text-editor.default\">\n\t\t\t\t<div class=\"elementor-widget-container\">\n\t\t\t\t\t\t\t<p>Nossos profissionais est\u00e3o a disposi\u00e7\u00e3o para esclarecer d\u00favidas em seu atendimento<\/p>\t\t\t\t\t\t<\/div>\n\t\t\t\t<\/div>\n\t\t\t\t<div class=\"elementor-element elementor-element-2f1e606 elementor-widget elementor-widget-html\" data-id=\"2f1e606\" data-element_type=\"widget\" data-widget_type=\"html.default\">\n\t\t\t\t<div class=\"elementor-widget-container\">\n\t\t\t\r\n  <div id=\"datalitics-form-cbeac9d7e\"><\/div>\r\n\t\t<\/div>\n\t\t\t\t<\/div>\n\t\t\t\t\t<\/div>\n\t\t<\/div>\n\t\t\t\t<div class=\"elementor-column elementor-col-50 elementor-top-column elementor-element elementor-element-66b19f67\" data-id=\"66b19f67\" data-element_type=\"column\">\n\t\t\t<div class=\"elementor-widget-wrap elementor-element-populated\">\n\t\t\t\t\t\t<div class=\"elementor-element elementor-element-26ba665c elementor-widget elementor-widget-image\" data-id=\"26ba665c\" data-element_type=\"widget\" data-widget_type=\"image.default\">\n\t\t\t\t<div class=\"elementor-widget-container\">\n\t\t\t\t\t\t\t\t\t\t\t\t\t<img decoding=\"async\" width=\"500\" height=\"500\" src=\"https:\/\/realfilms.com.br\/wp-content\/uploads\/2025\/02\/sacada.png\" class=\"attachment-large size-large wp-image-227\" alt=\"\" srcset=\"https:\/\/realfilms.com.br\/wp-content\/uploads\/2025\/02\/sacada.png 500w, https:\/\/realfilms.com.br\/wp-content\/uploads\/2025\/02\/sacada-300x300.png 300w, https:\/\/realfilms.com.br\/wp-content\/uploads\/2025\/02\/sacada-150x150.png 150w\" sizes=\"(max-width: 500px) 100vw, 500px\" \/>\t\t\t\t\t\t\t\t\t\t\t\t\t<\/div>\n\t\t\t\t<\/div>\n\t\t\t\t\t<\/div>\n\t\t<\/div>\n\t\t\t\t\t<\/div>\n\t\t<\/section>\n\t\t<div class=\"elementor-element elementor-element-698fb56b e-flex e-con-boxed e-con e-parent\" data-id=\"698fb56b\" data-element_type=\"container\" data-core-v316-plus=\"true\">\n\t\t\t\t\t<div class=\"e-con-inner\">\n\t\t\t\t<div class=\"elementor-element elementor-element-2cf23ec elementor-widget elementor-widget-text-editor\" data-id=\"2cf23ec\" data-element_type=\"widget\" data-widget_type=\"text-editor.default\">\n\t\t\t\t<div class=\"elementor-widget-container\">\n\t\t\t\t\t\t\t<p>Copyright 2025. Todos os Direitos Reservados. MG PEL\u00cdCULAS<\/p>\t\t\t\t\t\t<\/div>\n\t\t\t\t<\/div>\n\t\t\t\t\t<\/div>\n\t\t\t\t<\/div>\n\t\t\t\t<\/div>\n\t\t","protected":false},"excerpt":{"rendered":"<p>PEL\u00cdCULAS PARA SACADAS EM S\u00c3O PAULO E REGI\u00c3O Nossos profissionais est\u00e3o a disposi\u00e7\u00e3o para esclarecer d\u00favidas em seu atendimento Copyright 2025. Todos os Direitos Reservados. MG PEL\u00cdCULAS<\/p>\n","protected":false},"author":1,"featured_media":0,"parent":0,"menu_order":0,"comment_status":"closed","ping_status":"closed","template":"elementor_canvas","meta":{"footnotes":""},"_links":{"self":[{"href":"https:\/\/realfilms.com.br\/index.php\/wp-json\/wp\/v2\/pages\/236"}],"collection":[{"href":"https:\/\/realfilms.com.br\/index.php\/wp-json\/wp\/v2\/pages"}],"about":[{"href":"https:\/\/realfilms.com.br\/index.php\/wp-json\/wp\/v2\/types\/page"}],"author":[{"embeddable":true,"href":"https:\/\/realfilms.com.br\/index.php\/wp-json\/wp\/v2\/users\/1"}],"replies":[{"embeddable":true,"href":"https:\/\/realfilms.com.br\/index.php\/wp-json\/wp\/v2\/comments?post=236"}],"version-history":[{"count":13,"href":"https:\/\/realfilms.com.br\/index.php\/wp-json\/wp\/v2\/pages\/236\/revisions"}],"predecessor-version":[{"id":251,"href":"https:\/\/realfilms.com.br\/index.php\/wp-json\/wp\/v2\/pages\/236\/revisions\/251"}],"wp:attachment":[{"href":"https:\/\/realfilms.com.br\/index.php\/wp-json\/wp\/v2\/media?parent=236"}],"curies":[{"name":"wp","href":"https:\/\/api.w.org\/{rel}","templated":true}]}}